{"id":12487,"date":"2025-08-05T11:03:10","date_gmt":"2025-08-05T09:03:10","guid":{"rendered":"https:\/\/www.etcoevorden.nl\/?page_id=12487"},"modified":"2025-08-06T16:15:04","modified_gmt":"2025-08-06T14:15:04","slug":"vacatures","status":"publish","type":"page","link":"https:\/\/www.etcoevorden.nl\/index.php\/vacatures\/","title":{"rendered":"Vacatures"},"content":{"rendered":"<div class=\"row \"><div class=\"wpv-grid grid-1-1  wpv-first-level first unextended\" style=\"padding-top:0px;padding-bottom:0px\" id=\"wpv-column-9337eed340d150043927b72cf47b8a73\" ><p><img loading=\"lazy\" decoding=\"async\" class=\"aligncenter size-full wp-image-12488\" src=\"https:\/\/www.etcoevorden.nl\/wp-content\/uploads\/2025\/08\/vacature_auto.png\" alt=\"\" width=\"580\" height=\"776\" srcset=\"https:\/\/www.etcoevorden.nl\/wp-content\/uploads\/2025\/08\/vacature_auto.png 580w, https:\/\/www.etcoevorden.nl\/wp-content\/uploads\/2025\/08\/vacature_auto-224x300.png 224w, https:\/\/www.etcoevorden.nl\/wp-content\/uploads\/2025\/08\/vacature_auto-555x743.png 555w, https:\/\/www.etcoevorden.nl\/wp-content\/uploads\/2025\/08\/vacature_auto-360x482.png 360w, https:\/\/www.etcoevorden.nl\/wp-content\/uploads\/2025\/08\/vacature_auto-262x351.png 262w\" sizes=\"auto, (max-width: 580px) 100vw, 580px\" \/><\/div><\/div>\n\t\t<div class=\"sep-text single centered\">\n\t\t\t\t\t\t\t<span class=\"sep-text-before\"><span class=\"sep-text-line\"><\/span><\/span>\n\t\t\t\t\t\t<div class=\"content\">\n\t\t\t\t<h2 class=\"text-divider-double\">\nVacatures<\/h2>\t\t\t<\/div>\n\t\t\t<span class=\"sep-text-after\"><span class=\"sep-text-line\"><\/span><\/span>\n\t\t\t\t\t<\/div>\n\t\n<div class=\"row \"><div class=\"wpv-grid grid-1-1  wpv-first-level first unextended\" style=\"padding-top:0px;padding-bottom:0px\" id=\"wpv-column-8bb71076121cc1e00a599a415d56c1b8\" ><p class=\"x_MsoNormal\"><b><span data-olk-copy-source=\"MessageBody\">Vacature: Ervaren Autotechnicus \/ Automonteur<\/span><\/b><br \/>\n<b>Locatie:<\/b>\u00a0Coevorden<br \/>\n<b>Specialisatie:<\/b>\u00a0Uitsluitend Land Rover &amp; Jaguar<br \/>\n<b>Salaris:<\/b>\u00a0Boven CAO \u2013 afhankelijk van ervaring<\/p>\n<p class=\"x_MsoNormal\">Ben jij een technisch sterke monteur met liefde voor kwaliteit en premiummerken? Werk je liever aan \u00e9\u00e9n auto \u00e9cht goed dan acht haastklusjes per dag? Dan is dit jouw kans.<\/p>\n<p class=\"x_MsoNormal\">Wij zijn een gespecialiseerd autobedrijf in\u00a0<b>Coevorden<\/b>, volledig gericht op\u00a0<b>Land Rover en Jaguar<\/b>. Geen universeel garagebedrijf, maar een plek waar vakmanschap, diepgang en liefde voor deze merken centraal staan.<\/p>\n<p class=\"x_MsoNormal\"><b>Wat ga je doen?<\/b><\/p>\n<ul type=\"disc\">\n<li class=\"x_MsoNormal\">Onderhoud en reparaties aan uitsluitend\u00a0<b>Land Rover en Jaguar<\/b><\/li>\n<li class=\"x_MsoNormal\"><b>(Deels) restaureren<\/b>\u00a0van klassieke en jongere modellen<\/li>\n<li class=\"x_MsoNormal\">Grondige diagnoses stellen met behulp van moderne diagnosetools<\/li>\n<li class=\"x_MsoNormal\">APK-keuringen uitvoeren (indien bevoegd)<\/li>\n<li class=\"x_MsoNormal\">Overleggen met ervaren collega\u2019s over technische vraagstukken<\/li>\n<\/ul>\n<p class=\"x_MsoNormal\"><b>Wat bieden wij jou?<\/b><\/p>\n<ul type=\"disc\">\n<li class=\"x_MsoNormal\"><b>Ervaren collega\u2019s<\/b>\u00a0die al jarenlang met Land Rovers werken \u2013 er zijn weinig geheimen meer, en ze helpen je graag<\/li>\n<li class=\"x_MsoNormal\">Toegang tot\u00a0<b>alle beschikbare fabrieksinformatie en diagnosesystemen<\/b><\/li>\n<li class=\"x_MsoNormal\"><b>Geen productiedruk<\/b>\u00a0\u2013 je krijgt de tijd om je werk goed te doen<\/li>\n<li class=\"x_MsoNormal\">Mogelijkheid om\u00a0<b>cursussen en trainingen<\/b>\u00a0te volgen, inclusief het behalen van APK-bevoegdheid<\/li>\n<li class=\"x_MsoNormal\">Aantrekkelijk salaris\u00a0<b>boven CAO<\/b>, afhankelijk van jouw ervaring en inzet<\/li>\n<li class=\"x_MsoNormal\">Klein, hecht team waar vakmanschap en samenwerking centraal staan<\/li>\n<li class=\"x_MsoNormal\">Vast dienstverband bij gebleken geschiktheid<\/li>\n<\/ul>\n<p class=\"x_MsoNormal\"><b>Wat vragen wij?<\/b><\/p>\n<ul type=\"disc\">\n<li class=\"x_MsoNormal\"><b>Monteurs op mbo-niveau 3 of 4<\/b>\u00a0(of aantoonbaar vergelijkbaar door ervaring)<\/li>\n<li class=\"x_MsoNormal\">Jarenlange ervaring in het autovak als (eerste) autotechnicus<\/li>\n<li class=\"x_MsoNormal\">Affiniteit met of interesse in Land Rover en Jaguar<\/li>\n<li class=\"x_MsoNormal\">Zelfstandig kunnen werken, nauwkeurig en trots op je werk<\/li>\n<li class=\"x_MsoNormal\">APK-bevoegdheid is een pr\u00e9 \u2013 of bereidheid deze via ons te halen<\/li>\n<li class=\"x_MsoNormal\">Rijbewijs B<\/li>\n<\/ul>\n<p class=\"x_MsoNormal\"><b>Interesse?<\/b><\/p>\n<p class=\"x_MsoNormal\">Stuur je CV en korte motivatie naar\u00a0<b>eov@etcoevorden.nl<\/b>\u00a0of bel ons via\u00a0<b>0524595701<\/b>. Langskomen mag altijd \u2013 we zetten de koffie voor je klaar!<\/div><\/div>\n","protected":false},"excerpt":{"rendered":"<p>Vacature: Ervaren Autotechnicus \/ Automonteur Locatie:\u00a0Coevorden Specialisatie:\u00a0Uitsluitend Land Rover &amp; Jaguar Salaris:\u00a0Boven CAO \u2013 afhankelijk van ervaring Ben jij een technisch sterke monteur met liefde voor kwaliteit en premiummerken? Werk je liever aan \u00e9\u00e9n auto \u00e9cht goed dan acht haastklusjes per dag? Dan is dit jouw kans. Wij zijn een gespecialiseerd autobedrijf in\u00a0Coevorden, volledig gericht&#8230;<\/p>\n","protected":false},"author":1,"featured_media":0,"parent":0,"menu_order":0,"comment_status":"closed","ping_status":"closed","template":"","meta":{"footnotes":""},"class_list":["post-12487","page","type-page","status-publish","hentry"],"yoast_head":"<!-- This site is optimized with the Yoast SEO plugin v27.0 - https:\/\/yoast.com\/product\/yoast-seo-wordpress\/ -->\n<title>Vacatures - ET Coevorden de LandRover en RangeRover Specialist<\/title>\n<meta name=\"description\" content=\"Vacature autotechnicus Land Rover Coevorden: ET Coevorden zoekt een gemotiveerde autotechnicus voor reparatie en onderhoud aan Land Rover &amp; Range Rover. Solliciteer direct!\" \/>\n<meta name=\"robots\" content=\"index, follow, max-snippet:-1, max-image-preview:large, max-video-preview:-1\" \/>\n<link rel=\"canonical\" href=\"https:\/\/www.etcoevorden.nl\/index.php\/vacatures\/\" \/>\n<meta property=\"og:locale\" content=\"nl_NL\" \/>\n<meta property=\"og:type\" content=\"article\" \/>\n<meta property=\"og:title\" content=\"Vacatures - ET Coevorden de LandRover en RangeRover Specialist\" \/>\n<meta property=\"og:description\" content=\"Vacature autotechnicus Land Rover Coevorden: ET Coevorden zoekt een gemotiveerde autotechnicus voor reparatie en onderhoud aan Land Rover &amp; Range Rover. Solliciteer direct!\" \/>\n<meta property=\"og:url\" content=\"https:\/\/www.etcoevorden.nl\/index.php\/vacatures\/\" \/>\n<meta property=\"og:site_name\" content=\"ET Coevorden de LandRover en RangeRover Specialist\" \/>\n<meta property=\"article:modified_time\" content=\"2025-08-06T14:15:04+00:00\" \/>\n<meta property=\"og:image\" content=\"https:\/\/www.etcoevorden.nl\/wp-content\/uploads\/2025\/08\/vacature_auto.png\" \/>\n\t<meta property=\"og:image:width\" content=\"580\" \/>\n\t<meta property=\"og:image:height\" content=\"776\" \/>\n\t<meta property=\"og:image:type\" content=\"image\/png\" \/>\n<meta name=\"twitter:card\" content=\"summary_large_image\" \/>\n<meta name=\"twitter:label1\" content=\"Geschatte leestijd\" \/>\n\t<meta name=\"twitter:data1\" content=\"2 minuten\" \/>\n<script type=\"application\/ld+json\" class=\"yoast-schema-graph\">{\"@context\":\"https:\/\/schema.org\",\"@graph\":[{\"@type\":\"WebPage\",\"@id\":\"https:\/\/www.etcoevorden.nl\/index.php\/vacatures\/\",\"url\":\"https:\/\/www.etcoevorden.nl\/index.php\/vacatures\/\",\"name\":\"Vacatures - ET Coevorden de LandRover en RangeRover Specialist\",\"isPartOf\":{\"@id\":\"https:\/\/www.etcoevorden.nl\/#website\"},\"primaryImageOfPage\":{\"@id\":\"https:\/\/www.etcoevorden.nl\/index.php\/vacatures\/#primaryimage\"},\"image\":{\"@id\":\"https:\/\/www.etcoevorden.nl\/index.php\/vacatures\/#primaryimage\"},\"thumbnailUrl\":\"https:\/\/www.etcoevorden.nl\/wp-content\/uploads\/2025\/08\/vacature_auto.png\",\"datePublished\":\"2025-08-05T09:03:10+00:00\",\"dateModified\":\"2025-08-06T14:15:04+00:00\",\"description\":\"Vacature autotechnicus Land Rover Coevorden: ET Coevorden zoekt een gemotiveerde autotechnicus voor reparatie en onderhoud aan Land Rover & Range Rover. Solliciteer direct!\",\"breadcrumb\":{\"@id\":\"https:\/\/www.etcoevorden.nl\/index.php\/vacatures\/#breadcrumb\"},\"inLanguage\":\"nl-NL\",\"potentialAction\":[{\"@type\":\"ReadAction\",\"target\":[\"https:\/\/www.etcoevorden.nl\/index.php\/vacatures\/\"]}]},{\"@type\":\"ImageObject\",\"inLanguage\":\"nl-NL\",\"@id\":\"https:\/\/www.etcoevorden.nl\/index.php\/vacatures\/#primaryimage\",\"url\":\"https:\/\/www.etcoevorden.nl\/wp-content\/uploads\/2025\/08\/vacature_auto.png\",\"contentUrl\":\"https:\/\/www.etcoevorden.nl\/wp-content\/uploads\/2025\/08\/vacature_auto.png\",\"width\":580,\"height\":776},{\"@type\":\"BreadcrumbList\",\"@id\":\"https:\/\/www.etcoevorden.nl\/index.php\/vacatures\/#breadcrumb\",\"itemListElement\":[{\"@type\":\"ListItem\",\"position\":1,\"name\":\"Home\",\"item\":\"https:\/\/www.etcoevorden.nl\/\"},{\"@type\":\"ListItem\",\"position\":2,\"name\":\"Vacatures\"}]},{\"@type\":\"WebSite\",\"@id\":\"https:\/\/www.etcoevorden.nl\/#website\",\"url\":\"https:\/\/www.etcoevorden.nl\/\",\"name\":\"ET Coevorden de LandRover en RangeRover Specialist\",\"description\":\"\",\"potentialAction\":[{\"@type\":\"SearchAction\",\"target\":{\"@type\":\"EntryPoint\",\"urlTemplate\":\"https:\/\/www.etcoevorden.nl\/?s={search_term_string}\"},\"query-input\":{\"@type\":\"PropertyValueSpecification\",\"valueRequired\":true,\"valueName\":\"search_term_string\"}}],\"inLanguage\":\"nl-NL\"}]}<\/script>\n<!-- \/ Yoast SEO plugin. -->","yoast_head_json":{"title":"Vacatures - ET Coevorden de LandRover en RangeRover Specialist","description":"Vacature autotechnicus Land Rover Coevorden: ET Coevorden zoekt een gemotiveerde autotechnicus voor reparatie en onderhoud aan Land Rover & Range Rover. Solliciteer direct!","robots":{"index":"index","follow":"follow","max-snippet":"max-snippet:-1","max-image-preview":"max-image-preview:large","max-video-preview":"max-video-preview:-1"},"canonical":"https:\/\/www.etcoevorden.nl\/index.php\/vacatures\/","og_locale":"nl_NL","og_type":"article","og_title":"Vacatures - ET Coevorden de LandRover en RangeRover Specialist","og_description":"Vacature autotechnicus Land Rover Coevorden: ET Coevorden zoekt een gemotiveerde autotechnicus voor reparatie en onderhoud aan Land Rover & Range Rover. Solliciteer direct!","og_url":"https:\/\/www.etcoevorden.nl\/index.php\/vacatures\/","og_site_name":"ET Coevorden de LandRover en RangeRover Specialist","article_modified_time":"2025-08-06T14:15:04+00:00","og_image":[{"width":580,"height":776,"url":"https:\/\/www.etcoevorden.nl\/wp-content\/uploads\/2025\/08\/vacature_auto.png","type":"image\/png"}],"twitter_card":"summary_large_image","twitter_misc":{"Geschatte leestijd":"2 minuten"},"schema":{"@context":"https:\/\/schema.org","@graph":[{"@type":"WebPage","@id":"https:\/\/www.etcoevorden.nl\/index.php\/vacatures\/","url":"https:\/\/www.etcoevorden.nl\/index.php\/vacatures\/","name":"Vacatures - ET Coevorden de LandRover en RangeRover Specialist","isPartOf":{"@id":"https:\/\/www.etcoevorden.nl\/#website"},"primaryImageOfPage":{"@id":"https:\/\/www.etcoevorden.nl\/index.php\/vacatures\/#primaryimage"},"image":{"@id":"https:\/\/www.etcoevorden.nl\/index.php\/vacatures\/#primaryimage"},"thumbnailUrl":"https:\/\/www.etcoevorden.nl\/wp-content\/uploads\/2025\/08\/vacature_auto.png","datePublished":"2025-08-05T09:03:10+00:00","dateModified":"2025-08-06T14:15:04+00:00","description":"Vacature autotechnicus Land Rover Coevorden: ET Coevorden zoekt een gemotiveerde autotechnicus voor reparatie en onderhoud aan Land Rover & Range Rover. Solliciteer direct!","breadcrumb":{"@id":"https:\/\/www.etcoevorden.nl\/index.php\/vacatures\/#breadcrumb"},"inLanguage":"nl-NL","potentialAction":[{"@type":"ReadAction","target":["https:\/\/www.etcoevorden.nl\/index.php\/vacatures\/"]}]},{"@type":"ImageObject","inLanguage":"nl-NL","@id":"https:\/\/www.etcoevorden.nl\/index.php\/vacatures\/#primaryimage","url":"https:\/\/www.etcoevorden.nl\/wp-content\/uploads\/2025\/08\/vacature_auto.png","contentUrl":"https:\/\/www.etcoevorden.nl\/wp-content\/uploads\/2025\/08\/vacature_auto.png","width":580,"height":776},{"@type":"BreadcrumbList","@id":"https:\/\/www.etcoevorden.nl\/index.php\/vacatures\/#breadcrumb","itemListElement":[{"@type":"ListItem","position":1,"name":"Home","item":"https:\/\/www.etcoevorden.nl\/"},{"@type":"ListItem","position":2,"name":"Vacatures"}]},{"@type":"WebSite","@id":"https:\/\/www.etcoevorden.nl\/#website","url":"https:\/\/www.etcoevorden.nl\/","name":"ET Coevorden de LandRover en RangeRover Specialist","description":"","potentialAction":[{"@type":"SearchAction","target":{"@type":"EntryPoint","urlTemplate":"https:\/\/www.etcoevorden.nl\/?s={search_term_string}"},"query-input":{"@type":"PropertyValueSpecification","valueRequired":true,"valueName":"search_term_string"}}],"inLanguage":"nl-NL"}]}},"_links":{"self":[{"href":"https:\/\/www.etcoevorden.nl\/index.php\/wp-json\/wp\/v2\/pages\/12487","targetHints":{"allow":["GET"]}}],"collection":[{"href":"https:\/\/www.etcoevorden.nl\/index.php\/wp-json\/wp\/v2\/pages"}],"about":[{"href":"https:\/\/www.etcoevorden.nl\/index.php\/wp-json\/wp\/v2\/types\/page"}],"author":[{"embeddable":true,"href":"https:\/\/www.etcoevorden.nl\/index.php\/wp-json\/wp\/v2\/users\/1"}],"replies":[{"embeddable":true,"href":"https:\/\/www.etcoevorden.nl\/index.php\/wp-json\/wp\/v2\/comments?post=12487"}],"version-history":[{"count":4,"href":"https:\/\/www.etcoevorden.nl\/index.php\/wp-json\/wp\/v2\/pages\/12487\/revisions"}],"predecessor-version":[{"id":12498,"href":"https:\/\/www.etcoevorden.nl\/index.php\/wp-json\/wp\/v2\/pages\/12487\/revisions\/12498"}],"wp:attachment":[{"href":"https:\/\/www.etcoevorden.nl\/index.php\/wp-json\/wp\/v2\/media?parent=12487"}],"curies":[{"name":"wp","href":"https:\/\/api.w.org\/{rel}","templated":true}]}}